{"id":22,"date":"2020-12-09T15:45:18","date_gmt":"2020-12-09T14:45:18","guid":{"rendered":"https:\/\/highwaygmbh.de\/highway\/?page_id=22"},"modified":"2021-07-26T16:23:37","modified_gmt":"2021-07-26T14:23:37","slug":"service","status":"publish","type":"page","link":"https:\/\/www.highway-gmbh.de\/en\/service\/","title":{"rendered":"Service"},"content":{"rendered":"<div class=\"wpb-content-wrapper\"><p>[vc_row full_width=&#8221;stretch_row_content&#8221; parallax=&#8221;content-moving&#8221; parallax_image=&#8221;241&#8243;][vc_column][vc_row_inner][vc_column_inner width=&#8221;1\/2&#8243; css=&#8221;.vc_custom_1608256243731{margin-top: 60px !important;margin-bottom: 80px !important;margin-left: 0px !important;border-top-width: 0px !important;border-bottom-width: 0px !important;border-left-width: 0px !important;padding-top: 0px !important;padding-bottom: 0px !important;padding-left: 0px !important;background-color: rgba(226,0,127,0.62) !important;*background-color: rgb(226,0,127) !important;}&#8221;][vc_custom_heading text=&#8221;Unsere Servicel\u00f6sungen&#8221; font_container=&#8221;tag:h2|text_align:left|color:%23ffffff&#8221; use_theme_fonts=&#8221;yes&#8221; css=&#8221;.vc_custom_1609871113837{margin-top: 40px !important;margin-bottom: 0px !important;padding-left: 20% !important;}&#8221;][vc_custom_heading text=&#8221;Mobile Datenerfassung, Netzwerk und Servertechnik, Wartungs- und Servicevertr\u00e4ge&#8221; font_container=&#8221;tag:h4|text_align:left|color:%23ffffff&#8221; use_theme_fonts=&#8221;yes&#8221; css=&#8221;.vc_custom_1609871159419{margin-top: 0px !important;margin-bottom: 60px !important;padding-left: 20% !important;}&#8221;][\/vc_column_inner][vc_column_inner width=&#8221;1\/2&#8243;][\/vc_column_inner][\/vc_row_inner][\/vc_column][\/vc_row][vc_row][vc_column width=&#8221;5\/6&#8243;][vc_custom_heading text=&#8221;Scanner &amp; Mobile Datenerfassungsger\u00e4te (MDE)&#8221; use_theme_fonts=&#8221;yes&#8221;][vc_column_text]Wir reparieren Ihren Scanner oder Ihr MDE Ger\u00e4t.<br \/>\nEgal ob einfache Geh\u00e4usesch\u00e4den oder Platinendefekte,<br \/>\nwir bringen Ihren alten Scanner schnellstm\u00f6glich wieder zum Einsatz.[\/vc_column_text][\/vc_column][vc_column width=&#8221;1\/6&#8243;][vc_single_image image=&#8221;753&#8243; img_size=&#8221;full&#8221;][\/vc_column][\/vc_row][vc_row][vc_column][vc_separator][\/vc_column][\/vc_row][vc_row][vc_column width=&#8221;1\/6&#8243;][vc_single_image image=&#8221;756&#8243; img_size=&#8221;full&#8221;][\/vc_column][vc_column width=&#8221;5\/6&#8243;][vc_custom_heading text=&#8221;Netzwerk und Servertechnik&#8221; use_theme_fonts=&#8221;yes&#8221;][vc_column_text]Sie wollen ein neues Netzwerk einrichten oder umstrukturieren, dann sind sie bei uns richtig. Wir installieren Ihnen Ihren Arbeitsplatz oder auch ein ganzes Computerkabinett bis hin zum Server.[\/vc_column_text][\/vc_column][\/vc_row][vc_row][vc_column][vc_separator][\/vc_column][\/vc_row][vc_row][vc_column width=&#8221;5\/6&#8243;][vc_custom_heading text=&#8221;Unser Druckerservice&#8221; use_theme_fonts=&#8221;yes&#8221;][vc_column_text]Der Drucker ist eines der wichtigsten Elemente jeder Firma, gern kommen wir zu Ihnen vor Ort oder Sie k\u00f6nnen alternativ auch Ihr Ger\u00e4t in unserer Werkstatt warten und reparieren lassen.[\/vc_column_text][\/vc_column][vc_column width=&#8221;1\/6&#8243;][vc_single_image image=&#8221;758&#8243; img_size=&#8221;full&#8221;][\/vc_column][\/vc_row][vc_row][vc_column][vc_separator][\/vc_column][\/vc_row][vc_row][vc_column width=&#8221;1\/6&#8243;][vc_single_image image=&#8221;468&#8243; img_size=&#8221;full&#8221;][\/vc_column][vc_column width=&#8221;5\/6&#8243;][vc_custom_heading text=&#8221;Wartungs- und Servicevertr\u00e4ge&#8221; use_theme_fonts=&#8221;yes&#8221;][vc_column_text]<\/p>\n<ul>\n<li>Servicevertrag<\/li>\n<li>Wartungsvertrag<\/li>\n<li>Kombivertrag<\/li>\n<\/ul>\n<p>F\u00fcr ein wesentlich geringeres Ausfallrisiko im laufenden Betrieb und eine lange Betriebsf\u00e4higkeit Ihres Druckers ist eine regelm\u00e4\u00dfige Wartung durch einen Techniker unerl\u00e4sslich. Am g\u00fcnstigsten macht man dies mit einem unserer Wartungsvertr\u00e4ge. Sie m\u00f6chten bei einem Druckerausfall eine garantierte kurzfristige Fehlerbeseitigung ohne lange Stillstandszeiten in der Produktion? Auch hier k\u00f6nnen wir Ihnen mit unseren Servicevertr\u00e4gen zu Seite stehen, gern auch mit der optimalen Kombination aus beiden.<\/p>\n<p><strong>Ihr Fahrzeug ist Scheckheft gepflegt, doch wie sieht es mit ihrem Drucker aus?<\/strong><\/p>\n<h4>Fragen Sie uns &#8211; wir erstellen Ihnen ein individuelles Angebot.<\/h4>\n<p>[\/vc_column_text][\/vc_column][\/vc_row]<\/p>\n<\/div>","protected":false},"excerpt":{"rendered":"<p>[vc_row full_width=&#8221;stretch_row_content&#8221; parallax=&#8221;content-moving&#8221; parallax_image=&#8221;241&#8243;][vc_column][vc_row_inner][vc_column_inner width=&#8221;1\/2&#8243; css=&#8221;.vc_custom_1608256243731{margin-top: 60px !important;margin-bottom: 80px !important;margin-left: 0px !important;border-top-width: 0px !important;border-bottom-width: 0px !important;border-left-width: 0px !important;padding-top: 0px !important;padding-bottom: 0px !important;padding-left: 0px !important;background-color: rgba(226,0,127,0.62) !important;*background-color: rgb(226,0,127) !important;}&#8221;][vc_custom_heading text=&#8221;Unsere Servicel\u00f6sungen&#8221; font_container=&#8221;tag:h2|text_align:left|color:%23ffffff&#8221; use_theme_fonts=&#8221;yes&#8221; css=&#8221;.vc_custom_1609871113837{margin-top: 40px !important;margin-bottom: 0px !important;padding-left: 20% !important;}&#8221;][vc_custom_heading text=&#8221;Mobile Datenerfassung, Netzwerk und Servertechnik, Wartungs- und Servicevertr\u00e4ge&#8221; font_container=&#8221;tag:h4|text_align:left|color:%23ffffff&#8221; use_theme_fonts=&#8221;yes&#8221; css=&#8221;.vc_custom_1609871159419{margin-top: 0px !important;margin-bottom: 60px !important;padding-left: 20% [&hellip;]<\/p>\n","protected":false},"author":1,"featured_media":0,"parent":0,"menu_order":0,"comment_status":"closed","ping_status":"closed","template":"","meta":{"footnotes":""},"class_list":["post-22","page","type-page","status-publish","hentry"],"translation":{"provider":"WPGlobus","version":"3.0.2","language":"en","enabled_languages":["de","en"],"languages":{"de":{"title":true,"content":true,"excerpt":false},"en":{"title":true,"content":false,"excerpt":false}}},"_links":{"self":[{"href":"https:\/\/www.highway-gmbh.de\/en\/wp-json\/wp\/v2\/pages\/22","targetHints":{"allow":["GET"]}}],"collection":[{"href":"https:\/\/www.highway-gmbh.de\/en\/wp-json\/wp\/v2\/pages"}],"about":[{"href":"https:\/\/www.highway-gmbh.de\/en\/wp-json\/wp\/v2\/types\/page"}],"author":[{"embeddable":true,"href":"https:\/\/www.highway-gmbh.de\/en\/wp-json\/wp\/v2\/users\/1"}],"replies":[{"embeddable":true,"href":"https:\/\/www.highway-gmbh.de\/en\/wp-json\/wp\/v2\/comments?post=22"}],"version-history":[{"count":10,"href":"https:\/\/www.highway-gmbh.de\/en\/wp-json\/wp\/v2\/pages\/22\/revisions"}],"predecessor-version":[{"id":1495,"href":"https:\/\/www.highway-gmbh.de\/en\/wp-json\/wp\/v2\/pages\/22\/revisions\/1495"}],"wp:attachment":[{"href":"https:\/\/www.highway-gmbh.de\/en\/wp-json\/wp\/v2\/media?parent=22"}],"curies":[{"name":"wp","href":"https:\/\/api.w.org\/{rel}","templated":true}]}}