{"id":16,"date":"2020-12-09T15:44:12","date_gmt":"2020-12-09T14:44:12","guid":{"rendered":"https:\/\/highwaygmbh.de\/highway\/?page_id=16"},"modified":"2021-06-07T14:06:46","modified_gmt":"2021-06-07T12:06:46","slug":"unternehmen","status":"publish","type":"page","link":"https:\/\/www.highway-gmbh.de\/en\/unternehmen\/","title":{"rendered":"Unternehmen"},"content":{"rendered":"<div class=\"wpb-content-wrapper\"><p>[vc_row full_width=&#8221;stretch_row_content&#8221; parallax=&#8221;content-moving&#8221; parallax_image=&#8221;237&#8243; bg_type=&#8221;image&#8221; parallax_style=&#8221;vcpb-default&#8221; bg_image_repeat=&#8221;no-repeat&#8221; bg_image_size=&#8221;initial&#8221; bg_img_attach=&#8221;fixed&#8221; bg_image_posiiton=&#8221;left top&#8221; bg_override=&#8221;full&#8221;][vc_column][vc_row_inner][vc_column_inner width=&#8221;1\/2&#8243; css=&#8221;.vc_custom_1608256243731{margin-top: 60px !important;margin-bottom: 80px !important;margin-left: 0px !important;border-top-width: 0px !important;border-bottom-width: 0px !important;border-left-width: 0px !important;padding-top: 0px !important;padding-bottom: 0px !important;padding-left: 0px !important;background-color: rgba(226,0,127,0.62) !important;*background-color: rgb(226,0,127) !important;}&#8221;][vc_custom_heading text=&#8221;Das Unternehmen&#8221; font_container=&#8221;tag:h2|text_align:left|color:%23ffffff&#8221; use_theme_fonts=&#8221;yes&#8221; css=&#8221;.vc_custom_1608256231014{margin-top: 40px !important;margin-bottom: 0px !important;padding-left: 20% !important;}&#8221;][vc_custom_heading text=&#8221;Die highway Identcode- und Drucksysteme GmbH Zwickau&#8221; font_container=&#8221;tag:h4|text_align:left|color:%23ffffff&#8221; use_theme_fonts=&#8221;yes&#8221; css=&#8221;.vc_custom_1608256174841{margin-top: 0px !important;margin-bottom: 60px !important;padding-left: 20% !important;}&#8221;][\/vc_column_inner][vc_column_inner width=&#8221;1\/2&#8243;][\/vc_column_inner][\/vc_row_inner][\/vc_column][\/vc_row][vc_row][vc_column][vc_custom_heading text=&#8221;Wir \u00fcber uns.&#8221; use_theme_fonts=&#8221;yes&#8221;][vc_column_text]Die highway Identcode- und Drucksysteme GmbH ist ein Systemhaus, das sich seit 1995 auf den Vertrieb von Produkten f\u00fcr Automatische Identifikation (Auto-ID) spezialisiert hat. Den gr\u00f6\u00dften Raum nehmen dabei L\u00f6sungen im Zusammenhang mit Barcodelesesystemen, Barcode- und Etikettendruckern und mobiler Datenerfassung (MDE) ein. Auch RFID-Anwendungen spielen in diesem Zusammenhang eine immer gr\u00f6\u00dfere Rolle.<\/p>\n<p>In unserem Team arbeiten Spezialisten aus Physik, Informatik und Betriebswirtschaft an fundierten kundenspezifischen Speziall\u00f6sungen. Durch die breite Angebotspalette kann f\u00fcr jeden Kunden eine optimale und auch preiswerte Realisierung seiner Anforderungen geschaffen werden.<\/p>\n<p>Neben dem Vertrieb der Produkte bieten wir unseren Kunden unser st\u00e4ndig wachsendes Erfahrungsspektrum bei der Integration von Barcodelese- und Etikettendrucksystemen in bestehende EDV-Systeme und Industrieanlagen an.[\/vc_column_text][vc_progress_bar values=&#8221;%5B%7B%22label%22%3A%22Barcode%22%2C%22value%22%3A%2280%22%2C%22color%22%3A%22custom%22%2C%22customcolor%22%3A%22%23e2007f%22%2C%22customtxtcolor%22%3A%22%23000000%22%7D%2C%7B%22label%22%3A%222-D%20Code%22%2C%22value%22%3A%2290%22%2C%22color%22%3A%22custom%22%2C%22customcolor%22%3A%22%23e27cb6%22%2C%22customtxtcolor%22%3A%22%23000000%22%7D%2C%7B%22label%22%3A%22RF-ID%20L%C3%B6sungen%22%2C%22value%22%3A%22100%22%2C%22color%22%3A%22custom%22%2C%22customcolor%22%3A%22%23e2a1c6%22%2C%22customtxtcolor%22%3A%22%23000000%22%7D%2C%7B%22label%22%3A%22Analyse%20%2F%20Softwareentwicklung%22%2C%22value%22%3A%22110%22%2C%22color%22%3A%22custom%22%2C%22customcolor%22%3A%22%23e2b1cf%22%2C%22customtxtcolor%22%3A%22%23000000%22%7D%5D&#8221; bgcolor=&#8221;custom&#8221; options=&#8221;striped,animated&#8221;][vc_column_text]Als Anerkennung der bisherigen Zusammenarbeit mit unseren Lieferanten erhielt unsere Firma in der j\u00fcngeren Vergangenheit Distributionsvertr\u00e4ge als Datalogic-Quality-Partner, die uns in die Lage versetzen, Ihnen attraktive Verkaufskonditionen anbieten zu k\u00f6nnen.<\/p>\n<p>Ein weiterer Schwerpunkt in unserer Firment\u00e4tigkeit ist der Vertrieb von herk\u00f6mmlicher Drucktechnik (Laser-, Tintenstrahl-, Nadel- und Zeilendrucker).[\/vc_column_text][\/vc_column][\/vc_row]<\/p>\n<\/div>","protected":false},"excerpt":{"rendered":"<p>[vc_row full_width=&#8221;stretch_row_content&#8221; parallax=&#8221;content-moving&#8221; parallax_image=&#8221;237&#8243; bg_type=&#8221;image&#8221; parallax_style=&#8221;vcpb-default&#8221; bg_image_repeat=&#8221;no-repeat&#8221; bg_image_size=&#8221;initial&#8221; bg_img_attach=&#8221;fixed&#8221; bg_image_posiiton=&#8221;left top&#8221; bg_override=&#8221;full&#8221;][vc_column][vc_row_inner][vc_column_inner width=&#8221;1\/2&#8243; css=&#8221;.vc_custom_1608256243731{margin-top: 60px !important;margin-bottom: 80px !important;margin-left: 0px !important;border-top-width: 0px !important;border-bottom-width: 0px !important;border-left-width: 0px !important;padding-top: 0px !important;padding-bottom: 0px !important;padding-left: 0px !important;background-color: rgba(226,0,127,0.62) !important;*background-color: rgb(226,0,127) !important;}&#8221;][vc_custom_heading text=&#8221;Das Unternehmen&#8221; font_container=&#8221;tag:h2|text_align:left|color:%23ffffff&#8221; use_theme_fonts=&#8221;yes&#8221; css=&#8221;.vc_custom_1608256231014{margin-top: 40px !important;margin-bottom: 0px !important;padding-left: 20% !important;}&#8221;][vc_custom_heading text=&#8221;Die highway Identcode- und Drucksysteme GmbH Zwickau&#8221; font_container=&#8221;tag:h4|text_align:left|color:%23ffffff&#8221; [&hellip;]<\/p>\n","protected":false},"author":1,"featured_media":0,"parent":0,"menu_order":0,"comment_status":"closed","ping_status":"closed","template":"page-fullwidth.php","meta":{"footnotes":""},"class_list":["post-16","page","type-page","status-publish","hentry"],"translation":{"provider":"WPGlobus","version":"3.0.2","language":"en","enabled_languages":["de","en"],"languages":{"de":{"title":true,"content":true,"excerpt":false},"en":{"title":false,"content":false,"excerpt":false}}},"_links":{"self":[{"href":"https:\/\/www.highway-gmbh.de\/en\/wp-json\/wp\/v2\/pages\/16","targetHints":{"allow":["GET"]}}],"collection":[{"href":"https:\/\/www.highway-gmbh.de\/en\/wp-json\/wp\/v2\/pages"}],"about":[{"href":"https:\/\/www.highway-gmbh.de\/en\/wp-json\/wp\/v2\/types\/page"}],"author":[{"embeddable":true,"href":"https:\/\/www.highway-gmbh.de\/en\/wp-json\/wp\/v2\/users\/1"}],"replies":[{"embeddable":true,"href":"https:\/\/www.highway-gmbh.de\/en\/wp-json\/wp\/v2\/comments?post=16"}],"version-history":[{"count":10,"href":"https:\/\/www.highway-gmbh.de\/en\/wp-json\/wp\/v2\/pages\/16\/revisions"}],"predecessor-version":[{"id":1445,"href":"https:\/\/www.highway-gmbh.de\/en\/wp-json\/wp\/v2\/pages\/16\/revisions\/1445"}],"wp:attachment":[{"href":"https:\/\/www.highway-gmbh.de\/en\/wp-json\/wp\/v2\/media?parent=16"}],"curies":[{"name":"wp","href":"https:\/\/api.w.org\/{rel}","templated":true}]}}